{"id":338,"date":"2021-06-09T05:44:23","date_gmt":"2021-06-09T05:44:23","guid":{"rendered":"https:\/\/www.maser-sent.ch\/impressum-2\/"},"modified":"2022-04-08T08:11:57","modified_gmt":"2022-04-08T08:11:57","slug":"impressum","status":"publish","type":"page","link":"https:\/\/www.maser-sent.ch\/de\/impressum\/","title":{"rendered":"Impressum"},"content":{"rendered":"\n<h2 class=\"wp-block-heading\">Kontakt \/ Informationen<\/h2>\n\n\n\n<p>MaSer S.c.r.l<br>Mario Riatsch<br>Saglina 46A<br>7554 Sent<br><a href=\"tel:+41794130566\">+41 79 413 05 66<\/a><br><a href=\"mailto:msriatsch@bluewin.ch\">msriatsch@bluewin.ch<\/a><\/p>\n\n\n\n<h2 class=\"wp-block-heading\">Design und Programmierung<\/h2>\n\n\n\n<p>S\u00fcsskind SGD Chur<br>Comercialstrasse 19<br>CH-7000 Chur<br><a rel=\"noreferrer noopener\" href=\"http:\/\/www.suesskind.ch\/\" target=\"_blank\">www.suesskind.ch<\/a><\/p>\n\n\n\n<h2 class=\"wp-block-heading\">ma-ser.ch<\/h2>\n\n\n\n<p>Die Inhalte dieser Website werden mit gr\u00f6sstm\u00f6glicher Sorgfalt erstellt. Ma-ser \u00fcbernimmt jedoch keine Gew\u00e4hr f\u00fcr die Richtigkeit, Vollst\u00e4ndigkeit und Aktualit\u00e4t der bereitgestellten Inhalte. Die Nutzung der Inhalte der Website erfolgt auf eigene Gefahr des Nutzers. Namentlich gekennzeichnete Beitr\u00e4ge geben die Meinung des jeweiligen Autors wieder.<\/p>\n\n\n\n<h2 class=\"wp-block-heading\">Links<\/h2>\n\n\n\n<p>Verlinkte Websites unterliegen der Haftung der jeweiligen Betreiber. Ma-ser hat keinen Einfluss auf die aktuellen und zuk\u00fcnftigen Inhalte der verkn\u00fcpften Seiten und macht sich die verlinkten Inhalte auch nicht zu eigen.<\/p>\n\n\n\n<h2 class=\"wp-block-heading\">Urheberrecht (Copyright)<\/h2>\n\n\n\n<p>Das Copyright f\u00fcr die hier ver\u00f6ffentlichten Inhalte liegt bei Ma-ser. Inhalte d\u00fcrfen auch auszugsweise nur unter Angabe der minimalen Quellenbezeichnung \u00abma-ser.ch\u00bb weitergegeben werden. Die Darstellung dieser Website in fremden Frames ist nicht zul\u00e4ssig.<\/p>\n","protected":false},"excerpt":{"rendered":"<p>Kontakt \/ Informationen MaSer S.c.r.lMario RiatschSaglina 46A7554 Sent+41 79 413 05 66msriatsch@bluewin.ch Design und Programmierung S\u00fcsskind SGD ChurComercialstrasse 19CH-7000 Churwww.suesskind.ch ma-ser.ch Die Inhalte dieser Website werden mit gr\u00f6sstm\u00f6glicher Sorgfalt erstellt. Ma-ser \u00fcbernimmt jedoch keine Gew\u00e4hr f\u00fcr die Richtigkeit, Vollst\u00e4ndigkeit und Aktualit\u00e4t der bereitgestellten Inhalte. Die Nutzung der Inhalte der Website erfolgt auf eigene Gefahr des [&hellip;]<\/p>\n","protected":false},"author":1,"featured_media":0,"parent":0,"menu_order":0,"comment_status":"closed","ping_status":"closed","template":"template-basisseite.php","meta":{"_acf_changed":false,"_seopress_robots_primary_cat":"","_seopress_titles_title":"","_seopress_titles_desc":"","_seopress_robots_index":"","footnotes":""},"class_list":["post-338","page","type-page","status-publish","hentry"],"acf":[],"_links":{"self":[{"href":"https:\/\/www.maser-sent.ch\/de\/wp-json\/wp\/v2\/pages\/338"}],"collection":[{"href":"https:\/\/www.maser-sent.ch\/de\/wp-json\/wp\/v2\/pages"}],"about":[{"href":"https:\/\/www.maser-sent.ch\/de\/wp-json\/wp\/v2\/types\/page"}],"author":[{"embeddable":true,"href":"https:\/\/www.maser-sent.ch\/de\/wp-json\/wp\/v2\/users\/1"}],"replies":[{"embeddable":true,"href":"https:\/\/www.maser-sent.ch\/de\/wp-json\/wp\/v2\/comments?post=338"}],"version-history":[{"count":2,"href":"https:\/\/www.maser-sent.ch\/de\/wp-json\/wp\/v2\/pages\/338\/revisions"}],"predecessor-version":[{"id":354,"href":"https:\/\/www.maser-sent.ch\/de\/wp-json\/wp\/v2\/pages\/338\/revisions\/354"}],"wp:attachment":[{"href":"https:\/\/www.maser-sent.ch\/de\/wp-json\/wp\/v2\/media?parent=338"}],"curies":[{"name":"wp","href":"https:\/\/api.w.org\/{rel}","templated":true}]}}