{"id":336,"date":"2021-06-08T08:12:37","date_gmt":"2021-06-08T08:12:37","guid":{"rendered":"https:\/\/www.maser-sent.ch\/datenschutzerklarung\/"},"modified":"2022-04-08T06:42:49","modified_gmt":"2022-04-08T06:42:49","slug":"datenschutzerklarung","status":"publish","type":"page","link":"https:\/\/www.maser-sent.ch\/de\/datenschutzerklarung\/","title":{"rendered":"Datenschutz\u00aderkl\u00e4rung"},"content":{"rendered":"\n<h2 class=\"wp-block-heading\">Verwendung von Informationen<\/h2>\n\n\n\n<p>Sie k\u00f6nnen grunds\u00e4tzlich unsere Webseiten besuchen, ohne dass Sie Angaben zu Ihrer Person machen m\u00fcssen. Einzig unpers\u00f6nliche Nutzungsdaten wie Ihre IP-Adresse, die zuletzt besuchte Seite, der verwendete Browser, Datum, Uhrzeit etc. werden zwecks Erkennung von Trends und zur Verbesserung des Online-Angebotes anonymisiert und intern ausgewertet. Daraus werden keine R\u00fcckschl\u00fcsse auf Ihre Person gezogen.<\/p>\n\n\n\n<h2 class=\"wp-block-heading\">Keine Weitergabe von Informationen<\/h2>\n\n\n\n<p>Ihre obengenannten Daten werden weder verkauft noch mit Dritten geteilt. Ausnahme: Externe Dienstleister, die in unserem Auftrag die hierf\u00fcr zwingend notwendigen Daten verarbeiten. Es handelt sich hierbei im Speziellen um folgende Dienstleister: Google Inc. (Zugriffsstatistiken)<\/p>\n\n\n\n<h2 class=\"wp-block-heading\">Cookies<\/h2>\n\n\n\n<p>In bestimmten F\u00e4llen werden so genannte Cookies eingesetzt. Wir benutzen Cookies nur f\u00fcr anonymisierte Besucherstatistiken und um unseren Web-Auftritt zu optimieren. Sie k\u00f6nnen auf die Vorteile von pers\u00f6nlichen Cookies verzichten. Bestimmte Dienstleistungen k\u00f6nnen in diesem Fall nicht genutzt werden. Mit <a rel=\"noreferrer noopener\" href=\"https:\/\/tools.google.com\/dlpage\/gaoptout?hl=de\" target=\"_blank\">diesem Tool<\/a> k\u00f6nnen Sie Cookies von Google Analytics deaktivieren.<\/p>\n\n\n\n<h2 class=\"wp-block-heading\">Aufbewahlung und Sicherung Ihrer Daten<\/h2>\n\n\n\n<p>ma-ser s.c.r.l. ergreift angemessene Vorsichtsmassnahmen und setzt entsprechende Technologien ein, um Ihre Daten zu sch\u00fctzen. Sie bleiben nur so lange aufbewahrt, wie es im Hinblick auf den Zweck erforderlich ist.<\/p>\n\n\n\n<h2 class=\"wp-block-heading\">\u00c4nderungen dieser Datenschutz\u00aderkl\u00e4rung<\/h2>\n\n\n\n<p>\u00c4nderungen dieser Datenschutzerkl\u00e4rung k\u00f6nnen jederzeit erfolgen. Bitte konsultieren Sie regelm\u00e4ssig diese Erkl\u00e4rung.<\/p>\n\n\n\n<h2 class=\"wp-block-heading\">Rechtsgrundlage<\/h2>\n\n\n\n<p>Das Bundesgesetz \u00fcber den Datenschutz (DSG) bildet die Grundlage dieser Datenschutzerkl\u00e4rung.<\/p>\n","protected":false},"excerpt":{"rendered":"<p>Verwendung von Informationen Sie k\u00f6nnen grunds\u00e4tzlich unsere Webseiten besuchen, ohne dass Sie Angaben zu Ihrer Person machen m\u00fcssen. Einzig unpers\u00f6nliche Nutzungsdaten wie Ihre IP-Adresse, die zuletzt besuchte Seite, der verwendete Browser, Datum, Uhrzeit etc. werden zwecks Erkennung von Trends und zur Verbesserung des Online-Angebotes anonymisiert und intern ausgewertet. Daraus werden keine R\u00fcckschl\u00fcsse auf Ihre Person [&hellip;]<\/p>\n","protected":false},"author":1,"featured_media":0,"parent":0,"menu_order":0,"comment_status":"closed","ping_status":"open","template":"template-basisseite.php","meta":{"_acf_changed":false,"_seopress_robots_primary_cat":"","_seopress_titles_title":"","_seopress_titles_desc":"","_seopress_robots_index":"","footnotes":""},"class_list":["post-336","page","type-page","status-publish","hentry"],"acf":[],"_links":{"self":[{"href":"https:\/\/www.maser-sent.ch\/de\/wp-json\/wp\/v2\/pages\/336"}],"collection":[{"href":"https:\/\/www.maser-sent.ch\/de\/wp-json\/wp\/v2\/pages"}],"about":[{"href":"https:\/\/www.maser-sent.ch\/de\/wp-json\/wp\/v2\/types\/page"}],"author":[{"embeddable":true,"href":"https:\/\/www.maser-sent.ch\/de\/wp-json\/wp\/v2\/users\/1"}],"replies":[{"embeddable":true,"href":"https:\/\/www.maser-sent.ch\/de\/wp-json\/wp\/v2\/comments?post=336"}],"version-history":[{"count":1,"href":"https:\/\/www.maser-sent.ch\/de\/wp-json\/wp\/v2\/pages\/336\/revisions"}],"predecessor-version":[{"id":337,"href":"https:\/\/www.maser-sent.ch\/de\/wp-json\/wp\/v2\/pages\/336\/revisions\/337"}],"wp:attachment":[{"href":"https:\/\/www.maser-sent.ch\/de\/wp-json\/wp\/v2\/media?parent=336"}],"curies":[{"name":"wp","href":"https:\/\/api.w.org\/{rel}","templated":true}]}}