{"id":327,"date":"2021-06-08T08:37:19","date_gmt":"2021-06-08T08:37:19","guid":{"rendered":"https:\/\/www.maser-sent.ch\/maser\/"},"modified":"2022-07-06T06:47:22","modified_gmt":"2022-07-06T06:47:22","slug":"maser","status":"publish","type":"page","link":"https:\/\/www.maser-sent.ch\/de\/","title":{"rendered":"MaSer"},"content":{"rendered":"","protected":false},"excerpt":{"rendered":"","protected":false},"author":1,"featured_media":0,"parent":0,"menu_order":0,"comment_status":"closed","ping_status":"closed","template":"","meta":{"_acf_changed":false,"_seopress_robots_primary_cat":"","_seopress_titles_title":"%%sitetitle%%  %%sep%% Ihr Forstarbeiter in Sent und Umgebung","_seopress_titles_desc":"Ihr Spezialist f\u00fcr Forstarbeiten, Baumpflege, Arbeiten mit Hebeb\u00fchne, H\u00f6henarbeiten und Transporte aller Art in Sent und im Unterengadin.","_seopress_robots_index":"","footnotes":""},"class_list":["post-327","page","type-page","status-publish","hentry"],"acf":[],"_links":{"self":[{"href":"https:\/\/www.maser-sent.ch\/de\/wp-json\/wp\/v2\/pages\/327"}],"collection":[{"href":"https:\/\/www.maser-sent.ch\/de\/wp-json\/wp\/v2\/pages"}],"about":[{"href":"https:\/\/www.maser-sent.ch\/de\/wp-json\/wp\/v2\/types\/page"}],"author":[{"embeddable":true,"href":"https:\/\/www.maser-sent.ch\/de\/wp-json\/wp\/v2\/users\/1"}],"replies":[{"embeddable":true,"href":"https:\/\/www.maser-sent.ch\/de\/wp-json\/wp\/v2\/comments?post=327"}],"version-history":[{"count":14,"href":"https:\/\/www.maser-sent.ch\/de\/wp-json\/wp\/v2\/pages\/327\/revisions"}],"predecessor-version":[{"id":401,"href":"https:\/\/www.maser-sent.ch\/de\/wp-json\/wp\/v2\/pages\/327\/revisions\/401"}],"wp:attachment":[{"href":"https:\/\/www.maser-sent.ch\/de\/wp-json\/wp\/v2\/media?parent=327"}],"curies":[{"name":"wp","href":"https:\/\/api.w.org\/{rel}","templated":true}]}}